{"id":5056,"date":"2024-09-15T17:52:38","date_gmt":"2024-09-15T16:52:38","guid":{"rendered":"https:\/\/www.ahmadsab.xyz\/?page_id=5056"},"modified":"2024-12-01T17:20:35","modified_gmt":"2024-12-01T17:20:35","slug":"our-menu","status":"publish","type":"page","link":"https:\/\/masusaagriturismo.com\/index.php\/our-menu\/","title":{"rendered":"IL NOSTRO RISTORANTE"},"content":{"rendered":"\t\t<div data-elementor-type=\"wp-page\" data-elementor-id=\"5056\" class=\"elementor elementor-5056\">\n\t\t\t\t<div class=\"elementor-element elementor-element-f8ecff4 e-con-full e-flex e-con e-parent\" data-id=\"f8ecff4\" data-element_type=\"container\">\n\t\t<div class=\"elementor-element elementor-element-2c5e34e e-con-full e-flex e-con e-child\" data-id=\"2c5e34e\" data-element_type=\"container\">\n\t\t\t\t<div class=\"elementor-element elementor-element-89b4e60 elementor-widget__width-initial animated-slow elementor-invisible elementor-widget elementor-widget-image\" data-id=\"89b4e60\" data-element_type=\"widget\" data-settings=\"{&quot;_animation&quot;:&quot;zoomIn&quot;}\" data-widget_type=\"image.default\">\n\t\t\t\t<div class=\"elementor-widget-container\">\n\t\t\t\t\t\t\t\t\t\t\t\t\t\t\t<img fetchpriority=\"high\" decoding=\"async\" width=\"2560\" height=\"1920\" src=\"https:\/\/masusaagriturismo.com\/wp-content\/uploads\/2024\/11\/IMG_4839-scaled.jpg\" class=\"attachment-full size-full wp-image-5937\" alt=\"\" srcset=\"https:\/\/masusaagriturismo.com\/wp-content\/uploads\/2024\/11\/IMG_4839-scaled.jpg 2560w, https:\/\/masusaagriturismo.com\/wp-content\/uploads\/2024\/11\/IMG_4839-300x225.jpg 300w, https:\/\/masusaagriturismo.com\/wp-content\/uploads\/2024\/11\/IMG_4839-1024x768.jpg 1024w, https:\/\/masusaagriturismo.com\/wp-content\/uploads\/2024\/11\/IMG_4839-768x576.jpg 768w, https:\/\/masusaagriturismo.com\/wp-content\/uploads\/2024\/11\/IMG_4839-1536x1152.jpg 1536w, https:\/\/masusaagriturismo.com\/wp-content\/uploads\/2024\/11\/IMG_4839-2048x1536.jpg 2048w, https:\/\/masusaagriturismo.com\/wp-content\/uploads\/2024\/11\/IMG_4839-600x450.jpg 600w\" sizes=\"(max-width: 2560px) 100vw, 2560px\" \/>\t\t\t\t\t\t\t\t\t\t\t\t\t\t\t<\/div>\n\t\t\t\t<\/div>\n\t\t\t\t<\/div>\n\t\t<div class=\"elementor-element elementor-element-c82cef1 e-con-full e-flex e-con e-child\" data-id=\"c82cef1\" data-element_type=\"container\">\n\t\t\t\t<div class=\"elementor-element elementor-element-6ee1782 elementor-invisible elementor-widget elementor-widget-ct_text_editor\" data-id=\"6ee1782\" data-element_type=\"widget\" data-settings=\"{&quot;_animation&quot;:&quot;slideInDown&quot;}\" data-widget_type=\"ct_text_editor.default\">\n\t\t\t\t<div class=\"elementor-widget-container\">\n\t\t\t\t\t<div id=\"ct_text_editor-6ee1782\" class=\"ct-text-editor \" data-wow-delay=\"ms\">\n\t<div class=\"ct-inline-css\"  data-css=\"\n        \t\t\">\n\n    <\/div>\n\t<div class=\"ct-text-editor elementor-clearfix\">\n\t\t<p><strong>Il Ristorante<\/strong><\/p><p><strong>Il ristorante gode di una vista mozzafiato sulle incantevoli\u00a0 colline e montagne del Cilento, creando un perfetto equilibrio di sensi, profumi e sapori.<br \/>Puoi gustare una colazione internazionale, con frutta e verdura fresca di stagione, formaggi tipici e dolci della tradizione locale.<\/strong><\/p><p><strong>Garantiamo solo il meglio per i nostri ospiti! Il Resort propone diverse soluzioni per poter trascorrere una vacanza\u00a0 all\u2019insegna della convivialit\u00e0 e del buon cibo. E\u2019 possibile pranzare presso il nostro Bar Bistrot, oppure al nostro ristorante.<\/strong><\/p>\t\t\n\t<\/div>\n<\/div>\t\t\t\t<\/div>\n\t\t\t\t<\/div>\n\t\t\t\t<\/div>\n\t\t\t\t<\/div>\n\t\t<div class=\"elementor-element elementor-element-0aec1ee e-con-full e-flex e-con e-parent\" data-id=\"0aec1ee\" data-element_type=\"container\">\n\t\t<div class=\"elementor-element elementor-element-f8f1b68 e-con-full e-flex e-con e-child\" data-id=\"f8f1b68\" data-element_type=\"container\">\n\t\t\t\t<div class=\"elementor-element elementor-element-f430920 elementor-widget__width-initial animated-slow elementor-invisible elementor-widget elementor-widget-image\" data-id=\"f430920\" data-element_type=\"widget\" data-settings=\"{&quot;_animation&quot;:&quot;zoomIn&quot;}\" data-widget_type=\"image.default\">\n\t\t\t\t<div class=\"elementor-widget-container\">\n\t\t\t\t\t\t\t\t\t\t\t\t\t\t\t<img decoding=\"async\" width=\"2560\" height=\"1880\" src=\"https:\/\/masusaagriturismo.com\/wp-content\/uploads\/2024\/10\/0Q2A9421IS-scaled.jpg\" class=\"attachment-full size-full wp-image-5581\" alt=\"\" srcset=\"https:\/\/masusaagriturismo.com\/wp-content\/uploads\/2024\/10\/0Q2A9421IS-scaled.jpg 2560w, https:\/\/masusaagriturismo.com\/wp-content\/uploads\/2024\/10\/0Q2A9421IS-scaled-600x441.jpg 600w, https:\/\/masusaagriturismo.com\/wp-content\/uploads\/2024\/10\/0Q2A9421IS-300x220.jpg 300w, https:\/\/masusaagriturismo.com\/wp-content\/uploads\/2024\/10\/0Q2A9421IS-1024x752.jpg 1024w, https:\/\/masusaagriturismo.com\/wp-content\/uploads\/2024\/10\/0Q2A9421IS-768x564.jpg 768w, https:\/\/masusaagriturismo.com\/wp-content\/uploads\/2024\/10\/0Q2A9421IS-1536x1128.jpg 1536w, https:\/\/masusaagriturismo.com\/wp-content\/uploads\/2024\/10\/0Q2A9421IS-2048x1504.jpg 2048w\" sizes=\"(max-width: 2560px) 100vw, 2560px\" \/>\t\t\t\t\t\t\t\t\t\t\t\t\t\t\t<\/div>\n\t\t\t\t<\/div>\n\t\t\t\t<\/div>\n\t\t<div class=\"elementor-element elementor-element-af91534 e-con-full e-flex elementor-invisible e-con e-child\" data-id=\"af91534\" data-element_type=\"container\" data-settings=\"{&quot;animation&quot;:&quot;slideInDown&quot;}\">\n\t\t\t\t<div class=\"elementor-element elementor-element-29bd98f elementor-widget elementor-widget-heading\" data-id=\"29bd98f\" data-element_type=\"widget\" data-widget_type=\"heading.default\">\n\t\t\t\t<div class=\"elementor-widget-container\">\n\t\t\t\t\t<h2 class=\"elementor-heading-title elementor-size-default\">Il Bar Bistrot\n\n<\/h2>\t\t\t\t<\/div>\n\t\t\t\t<\/div>\n\t\t\t\t<div class=\"elementor-element elementor-element-6889d86 elementor-widget elementor-widget-ct_text_editor\" data-id=\"6889d86\" data-element_type=\"widget\" data-widget_type=\"ct_text_editor.default\">\n\t\t\t\t<div class=\"elementor-widget-container\">\n\t\t\t\t\t<div id=\"ct_text_editor-6889d86\" class=\"ct-text-editor \" data-wow-delay=\"ms\">\n\t<div class=\"ct-inline-css\"  data-css=\"\n        \t\t\">\n\n    <\/div>\n\t<div class=\"ct-text-editor elementor-clearfix\">\n\t\t<p><strong>Nei pressi della piscina, il nostro bar bistrot \u00e8 l\u00b4ideale per chi desidera uno snack\u00a0 senza rinunciare alla qualit\u00e0 delle materie prime selezionate e alla freschezza dei prodotti del territorio. Gustosi aperitivi per stuzzicare l\u2019appetito\u00a0 nei tuoi momenti di relax a bordo piscina.<\/strong><\/p>\t\t\n\t<\/div>\n<\/div>\t\t\t\t<\/div>\n\t\t\t\t<\/div>\n\t\t\t\t<\/div>\n\t\t\t\t<\/div>\n\t\t<div class=\"elementor-element elementor-element-188dd7a e-con-full e-flex e-con e-parent\" data-id=\"188dd7a\" data-element_type=\"container\">\n\t\t<div class=\"elementor-element elementor-element-f0b9c9a e-con-full e-flex e-con e-child\" data-id=\"f0b9c9a\" data-element_type=\"container\">\n\t\t\t\t<div class=\"elementor-element elementor-element-83e29cd elementor-widget__width-initial animated-slow elementor-invisible elementor-widget elementor-widget-image\" data-id=\"83e29cd\" data-element_type=\"widget\" data-settings=\"{&quot;_animation&quot;:&quot;zoomIn&quot;}\" data-widget_type=\"image.default\">\n\t\t\t\t<div class=\"elementor-widget-container\">\n\t\t\t\t\t\t\t\t\t\t\t\t\t\t\t<img decoding=\"async\" width=\"2560\" height=\"1707\" src=\"https:\/\/masusaagriturismo.com\/wp-content\/uploads\/2024\/12\/LW2A6923-scaled.jpg\" class=\"attachment-full size-full wp-image-6013\" alt=\"\" srcset=\"https:\/\/masusaagriturismo.com\/wp-content\/uploads\/2024\/12\/LW2A6923-scaled.jpg 2560w, https:\/\/masusaagriturismo.com\/wp-content\/uploads\/2024\/12\/LW2A6923-300x200.jpg 300w, https:\/\/masusaagriturismo.com\/wp-content\/uploads\/2024\/12\/LW2A6923-1024x683.jpg 1024w, https:\/\/masusaagriturismo.com\/wp-content\/uploads\/2024\/12\/LW2A6923-768x512.jpg 768w, https:\/\/masusaagriturismo.com\/wp-content\/uploads\/2024\/12\/LW2A6923-1536x1024.jpg 1536w, https:\/\/masusaagriturismo.com\/wp-content\/uploads\/2024\/12\/LW2A6923-2048x1365.jpg 2048w, https:\/\/masusaagriturismo.com\/wp-content\/uploads\/2024\/12\/LW2A6923-600x400.jpg 600w\" sizes=\"(max-width: 2560px) 100vw, 2560px\" \/>\t\t\t\t\t\t\t\t\t\t\t\t\t\t\t<\/div>\n\t\t\t\t<\/div>\n\t\t\t\t<\/div>\n\t\t<div class=\"elementor-element elementor-element-27a222a e-con-full e-flex elementor-invisible e-con e-child\" data-id=\"27a222a\" data-element_type=\"container\" data-settings=\"{&quot;animation&quot;:&quot;slideInDown&quot;}\">\n\t\t\t\t<div class=\"elementor-element elementor-element-0bc9455 elementor-widget elementor-widget-heading\" data-id=\"0bc9455\" data-element_type=\"widget\" data-widget_type=\"heading.default\">\n\t\t\t\t<div class=\"elementor-widget-container\">\n\t\t\t\t\t<h2 class=\"elementor-heading-title elementor-size-default\">Buffet breakfast<\/h2>\t\t\t\t<\/div>\n\t\t\t\t<\/div>\n\t\t\t\t<div class=\"elementor-element elementor-element-07c24e5 elementor-widget elementor-widget-ct_text_editor\" data-id=\"07c24e5\" data-element_type=\"widget\" data-widget_type=\"ct_text_editor.default\">\n\t\t\t\t<div class=\"elementor-widget-container\">\n\t\t\t\t\t<div id=\"ct_text_editor-07c24e5\" class=\"ct-text-editor \" data-wow-delay=\"ms\">\n\t<div class=\"ct-inline-css\"  data-css=\"\n        \t\t\">\n\n    <\/div>\n\t<div class=\"ct-text-editor elementor-clearfix\">\n\t\t<p style=\"text-align: left\"><strong>La colazione a buffet nella sala comune prevede bont\u00e1 sia salate che dolci da accompagnare a caffe\u00b4, cappuccini e bevande quali spremute o succhi di frutta.\u00a0<\/strong><\/p><p><strong>Un risveglio con marmellate biologiche, torte appena sfornate, dolci fatti in casa e ancora affettati, formaggi, frutta fresca, yogurt e tante altre prelibatezze!<\/strong><\/p>\t\t\n\t<\/div>\n<\/div>\t\t\t\t<\/div>\n\t\t\t\t<\/div>\n\t\t\t\t<\/div>\n\t\t\t\t<\/div>\n\t\t<div class=\"elementor-element elementor-element-dd08be6 e-con-full e-flex e-con e-parent\" data-id=\"dd08be6\" data-element_type=\"container\">\n\t\t<div class=\"elementor-element elementor-element-24a26c2 e-con-full e-flex e-con e-child\" data-id=\"24a26c2\" data-element_type=\"container\">\n\t\t\t\t<div class=\"elementor-element elementor-element-185253c elementor-widget__width-initial animated-slow elementor-invisible elementor-widget elementor-widget-image\" data-id=\"185253c\" data-element_type=\"widget\" data-settings=\"{&quot;_animation&quot;:&quot;zoomIn&quot;}\" data-widget_type=\"image.default\">\n\t\t\t\t<div class=\"elementor-widget-container\">\n\t\t\t\t\t\t\t\t\t\t\t\t\t\t\t<img loading=\"lazy\" decoding=\"async\" width=\"1024\" height=\"683\" src=\"https:\/\/masusaagriturismo.com\/wp-content\/uploads\/2024\/09\/454427353.jpg\" class=\"attachment-full size-full wp-image-5422\" alt=\"\" srcset=\"https:\/\/masusaagriturismo.com\/wp-content\/uploads\/2024\/09\/454427353.jpg 1024w, https:\/\/masusaagriturismo.com\/wp-content\/uploads\/2024\/09\/454427353-600x400.jpg 600w, https:\/\/masusaagriturismo.com\/wp-content\/uploads\/2024\/09\/454427353-300x200.jpg 300w, https:\/\/masusaagriturismo.com\/wp-content\/uploads\/2024\/09\/454427353-768x512.jpg 768w\" sizes=\"(max-width: 1024px) 100vw, 1024px\" \/>\t\t\t\t\t\t\t\t\t\t\t\t\t\t\t<\/div>\n\t\t\t\t<\/div>\n\t\t\t\t<\/div>\n\t\t<div class=\"elementor-element elementor-element-1ce4cc4 e-con-full e-flex elementor-invisible e-con e-child\" data-id=\"1ce4cc4\" data-element_type=\"container\" data-settings=\"{&quot;animation&quot;:&quot;slideInDown&quot;}\">\n\t\t\t\t<div class=\"elementor-element elementor-element-9c52e33 elementor-widget elementor-widget-heading\" data-id=\"9c52e33\" data-element_type=\"widget\" data-widget_type=\"heading.default\">\n\t\t\t\t<div class=\"elementor-widget-container\">\n\t\t\t\t\t<h2 class=\"elementor-heading-title elementor-size-default\">Arte culinaria\n\n<\/h2>\t\t\t\t<\/div>\n\t\t\t\t<\/div>\n\t\t\t\t<div class=\"elementor-element elementor-element-14f9a32 elementor-widget elementor-widget-ct_text_editor\" data-id=\"14f9a32\" data-element_type=\"widget\" data-widget_type=\"ct_text_editor.default\">\n\t\t\t\t<div class=\"elementor-widget-container\">\n\t\t\t\t\t<div id=\"ct_text_editor-14f9a32\" class=\"ct-text-editor \" data-wow-delay=\"ms\">\n\t<div class=\"ct-inline-css\"  data-css=\"\n        \t\t\">\n\n    <\/div>\n\t<div class=\"ct-text-editor elementor-clearfix\">\n\t\t<p><strong>I nostri piatti sono sapientemente realizzati dalle mani esperte del Cuoco, che imprime su ogni singola portata la sua mano di cilentano verace. I nostri piatti tendono alla ricerca dell\u2019equilibrio tra quantit\u00e0 e qualit\u00e0 degli ingredienti. Ogni piatto quindi viene realizzato nel segno della tradizione culinaria cilentana, servito nella sua forma di originaria bellezza. Per noi la nobile arte dell\u2019impiattamento coincide con la capacit\u00e0 del piatto di evocare il concetto dell\u2019autenticit\u00e0 culinaria, un\u2019imprinting che \u00e8 capace di traghettare il commensale indietro nel tempo, in un ambiente a lui famigliare in cui mangiare con gioia e tranquillit\u00e0<\/strong>.<\/p><hr \/><div id=\"TA_selfserveprop252\" class=\"TA_selfserveprop\"><div id=\"CDSWIDSSP\" class=\"widSSP widSSP\">\u00a0<\/div><\/div>\t\t\n\t<\/div>\n<\/div>\t\t\t\t<\/div>\n\t\t\t\t<\/div>\n\t\t\t\t<\/div>\n\t\t\t\t<\/div>\n\t\t<div class=\"elementor-element elementor-element-677473c e-con-full e-flex e-con e-parent\" data-id=\"677473c\" data-element_type=\"container\">\n\t\t<div class=\"elementor-element elementor-element-e07ec38 e-con-full e-flex e-con e-child\" data-id=\"e07ec38\" data-element_type=\"container\">\n\t\t\t\t<div class=\"elementor-element elementor-element-fe9d04f elementor-widget__width-initial animated-slow elementor-invisible elementor-widget elementor-widget-image\" data-id=\"fe9d04f\" data-element_type=\"widget\" data-settings=\"{&quot;_animation&quot;:&quot;zoomIn&quot;}\" data-widget_type=\"image.default\">\n\t\t\t\t<div class=\"elementor-widget-container\">\n\t\t\t\t\t\t\t\t\t\t\t\t\t\t\t<img loading=\"lazy\" decoding=\"async\" width=\"1024\" height=\"683\" src=\"https:\/\/masusaagriturismo.com\/wp-content\/uploads\/2024\/09\/454427093.jpg\" class=\"attachment-full size-full wp-image-5420\" alt=\"\" srcset=\"https:\/\/masusaagriturismo.com\/wp-content\/uploads\/2024\/09\/454427093.jpg 1024w, https:\/\/masusaagriturismo.com\/wp-content\/uploads\/2024\/09\/454427093-600x400.jpg 600w, https:\/\/masusaagriturismo.com\/wp-content\/uploads\/2024\/09\/454427093-300x200.jpg 300w, https:\/\/masusaagriturismo.com\/wp-content\/uploads\/2024\/09\/454427093-768x512.jpg 768w\" sizes=\"(max-width: 1024px) 100vw, 1024px\" \/>\t\t\t\t\t\t\t\t\t\t\t\t\t\t\t<\/div>\n\t\t\t\t<\/div>\n\t\t\t\t<\/div>\n\t\t<div class=\"elementor-element elementor-element-0434263 e-con-full e-flex elementor-invisible e-con e-child\" data-id=\"0434263\" data-element_type=\"container\" data-settings=\"{&quot;animation&quot;:&quot;slideInDown&quot;}\">\n\t\t\t\t<div class=\"elementor-element elementor-element-b466269 elementor-widget elementor-widget-ct_text_editor\" data-id=\"b466269\" data-element_type=\"widget\" data-widget_type=\"ct_text_editor.default\">\n\t\t\t\t<div class=\"elementor-widget-container\">\n\t\t\t\t\t<div id=\"ct_text_editor-b466269\" class=\"ct-text-editor \" data-wow-delay=\"ms\">\n\t<div class=\"ct-inline-css\"  data-css=\"\n        \t\t\">\n\n    <\/div>\n\t<div class=\"ct-text-editor elementor-clearfix\">\n\t\t<p style=\"text-align: left\"><strong>La Cucina<\/strong><\/p><p><strong>La nostra cucina \u00e8 passione, \u00e8 condivisione delle tradizioni locali e dei sapori pi\u00f9 pregiati.. Grazie alla nostra minuziosa ed appassionata cura nella ricerca e nella selezione siamo in grado di garantire la qualit\u00e0 dei prodotti scelti tra le eccellenze locali delle zone di produzione. La nostra filosofia \u00e8 soddisfare i gusti e le esigenze, di chi non vuole dimenticare il gusto della tradizione e quello della genuinit\u00e0: il nostro scopo e\u00b4 quello di far vivere l\u2019incredibile mondo dei prodotti nostrani, tra sapori e tradizioni del nostro territorio.<\/strong><\/p>\t\t\n\t<\/div>\n<\/div>\t\t\t\t<\/div>\n\t\t\t\t<\/div>\n\t\t\t\t<\/div>\n\t\t\t\t<\/div>\n\t\t<div class=\"elementor-element elementor-element-54baef6 e-con-full e-flex e-con e-parent\" data-id=\"54baef6\" data-element_type=\"container\">\n\t\t<div class=\"elementor-element elementor-element-891b63d e-con-full e-flex e-con e-child\" data-id=\"891b63d\" data-element_type=\"container\">\n\t\t\t\t<div class=\"elementor-element elementor-element-5059991 elementor-widget__width-initial animated-slow elementor-invisible elementor-widget elementor-widget-image\" data-id=\"5059991\" data-element_type=\"widget\" data-settings=\"{&quot;_animation&quot;:&quot;zoomIn&quot;}\" data-widget_type=\"image.default\">\n\t\t\t\t<div class=\"elementor-widget-container\">\n\t\t\t\t\t\t\t\t\t\t\t\t\t\t\t<img loading=\"lazy\" decoding=\"async\" width=\"1024\" height=\"683\" src=\"https:\/\/masusaagriturismo.com\/wp-content\/uploads\/2024\/09\/459076183.jpg\" class=\"attachment-full size-full wp-image-5501\" alt=\"\" srcset=\"https:\/\/masusaagriturismo.com\/wp-content\/uploads\/2024\/09\/459076183.jpg 1024w, https:\/\/masusaagriturismo.com\/wp-content\/uploads\/2024\/09\/459076183-600x400.jpg 600w, https:\/\/masusaagriturismo.com\/wp-content\/uploads\/2024\/09\/459076183-300x200.jpg 300w, https:\/\/masusaagriturismo.com\/wp-content\/uploads\/2024\/09\/459076183-768x512.jpg 768w\" sizes=\"(max-width: 1024px) 100vw, 1024px\" \/>\t\t\t\t\t\t\t\t\t\t\t\t\t\t\t<\/div>\n\t\t\t\t<\/div>\n\t\t\t\t<\/div>\n\t\t<div class=\"elementor-element elementor-element-6425d97 e-con-full e-flex elementor-invisible e-con e-child\" data-id=\"6425d97\" data-element_type=\"container\" data-settings=\"{&quot;animation&quot;:&quot;slideInDown&quot;}\">\n\t\t\t\t<div class=\"elementor-element elementor-element-6db144b elementor-widget elementor-widget-heading\" data-id=\"6db144b\" data-element_type=\"widget\" data-widget_type=\"heading.default\">\n\t\t\t\t<div class=\"elementor-widget-container\">\n\t\t\t\t\t<h2 class=\"elementor-heading-title elementor-size-default\">I nostri prodotti d\u00b4Eccellenza<\/h2>\t\t\t\t<\/div>\n\t\t\t\t<\/div>\n\t\t\t\t<div class=\"elementor-element elementor-element-8a58cab elementor-widget elementor-widget-text-editor\" data-id=\"8a58cab\" data-element_type=\"widget\" data-widget_type=\"text-editor.default\">\n\t\t\t\t<div class=\"elementor-widget-container\">\n\t\t\t\t\t\t\t\t\t<p>Da<strong> abbinare ai nostri piatti un ottimo vino locale, ed il nostro olio extravergine di oliva ottenuto con spremitura a freddo che \u00e9 l\u2019ideale per\u00a0 esaltare i sapori della cucina e per portare a tavola<\/strong> <strong>tutto il gusto e la genuinit\u00e0 delle tradizioni.\u00a0<\/strong><\/p>\t\t\t\t\t\t\t\t<\/div>\n\t\t\t\t<\/div>\n\t\t\t\t<\/div>\n\t\t\t\t<\/div>\n\t\t<div class=\"elementor-element elementor-element-1ef4321 e-con-full e-flex e-con e-parent\" data-id=\"1ef4321\" data-element_type=\"container\">\n\t\t<div class=\"elementor-element elementor-element-3b0f794 e-con-full e-flex e-con e-child\" data-id=\"3b0f794\" data-element_type=\"container\">\n\t\t\t\t<div class=\"elementor-element elementor-element-03d8e44 elementor-widget__width-initial animated-slow elementor-invisible elementor-widget elementor-widget-image\" data-id=\"03d8e44\" data-element_type=\"widget\" data-settings=\"{&quot;_animation&quot;:&quot;zoomIn&quot;}\" data-widget_type=\"image.default\">\n\t\t\t\t<div class=\"elementor-widget-container\">\n\t\t\t\t\t\t\t\t\t\t\t\t\t\t\t<img loading=\"lazy\" decoding=\"async\" width=\"1024\" height=\"683\" src=\"https:\/\/masusaagriturismo.com\/wp-content\/uploads\/2024\/09\/454426753.jpg\" class=\"attachment-full size-full wp-image-5421\" alt=\"\" srcset=\"https:\/\/masusaagriturismo.com\/wp-content\/uploads\/2024\/09\/454426753.jpg 1024w, https:\/\/masusaagriturismo.com\/wp-content\/uploads\/2024\/09\/454426753-600x400.jpg 600w, https:\/\/masusaagriturismo.com\/wp-content\/uploads\/2024\/09\/454426753-300x200.jpg 300w, https:\/\/masusaagriturismo.com\/wp-content\/uploads\/2024\/09\/454426753-768x512.jpg 768w\" sizes=\"(max-width: 1024px) 100vw, 1024px\" \/>\t\t\t\t\t\t\t\t\t\t\t\t\t\t\t<\/div>\n\t\t\t\t<\/div>\n\t\t\t\t<\/div>\n\t\t<div class=\"elementor-element elementor-element-fd1be58 e-con-full e-flex elementor-invisible e-con e-child\" data-id=\"fd1be58\" data-element_type=\"container\" data-settings=\"{&quot;animation&quot;:&quot;slideInDown&quot;}\">\n\t\t\t\t<div class=\"elementor-element elementor-element-3ae0780 elementor-widget elementor-widget-heading\" data-id=\"3ae0780\" data-element_type=\"widget\" data-widget_type=\"heading.default\">\n\t\t\t\t<div class=\"elementor-widget-container\">\n\t\t\t\t\t<h2 class=\"elementor-heading-title elementor-size-default\">Fatto in casa con amore<\/h2>\t\t\t\t<\/div>\n\t\t\t\t<\/div>\n\t\t\t\t<div class=\"elementor-element elementor-element-4e07fd6 elementor-widget elementor-widget-ct_text_editor\" data-id=\"4e07fd6\" data-element_type=\"widget\" data-widget_type=\"ct_text_editor.default\">\n\t\t\t\t<div class=\"elementor-widget-container\">\n\t\t\t\t\t<div id=\"ct_text_editor-4e07fd6\" class=\"ct-text-editor \" data-wow-delay=\"ms\">\n\t<div class=\"ct-inline-css\"  data-css=\"\n        \t\t\">\n\n    <\/div>\n\t<div class=\"ct-text-editor elementor-clearfix\">\n\t\t<p style=\"text-align: left\"><strong>La nostra pasta fatta in casa secondo le ricette e le tradizioni di un tempo. Tra i nostri piatti troverai il cavatiello, i ravioli ripieni di ricotta di pecora, i fusilli e tanti altri formati.<\/strong><\/p>\t\t\n\t<\/div>\n<\/div>\t\t\t\t<\/div>\n\t\t\t\t<\/div>\n\t\t\t\t<\/div>\n\t\t\t\t<\/div>\n\t\t\t\t<\/div>\n\t\t","protected":false},"excerpt":{"rendered":"<p>Il Ristorante Il ristorante gode di una vista mozzafiato sulle incantevoli\u00a0 colline e montagne del Cilento, creando un perfetto equilibrio di sensi, profumi e sapori.Puoi gustare una colazione internazionale, con frutta e verdura fresca di stagione, formaggi tipici e dolci della tradizione locale. Garantiamo solo il meglio per i nostri ospiti! Il Resort propone diverse [&hellip;]<\/p>\n","protected":false},"author":10,"featured_media":0,"parent":0,"menu_order":0,"comment_status":"closed","ping_status":"closed","template":"elementor_header_footer","meta":{"footnotes":""},"class_list":["post-5056","page","type-page","status-publish","hentry"],"_links":{"self":[{"href":"https:\/\/masusaagriturismo.com\/index.php\/wp-json\/wp\/v2\/pages\/5056","targetHints":{"allow":["GET"]}}],"collection":[{"href":"https:\/\/masusaagriturismo.com\/index.php\/wp-json\/wp\/v2\/pages"}],"about":[{"href":"https:\/\/masusaagriturismo.com\/index.php\/wp-json\/wp\/v2\/types\/page"}],"author":[{"embeddable":true,"href":"https:\/\/masusaagriturismo.com\/index.php\/wp-json\/wp\/v2\/users\/10"}],"replies":[{"embeddable":true,"href":"https:\/\/masusaagriturismo.com\/index.php\/wp-json\/wp\/v2\/comments?post=5056"}],"version-history":[{"count":144,"href":"https:\/\/masusaagriturismo.com\/index.php\/wp-json\/wp\/v2\/pages\/5056\/revisions"}],"predecessor-version":[{"id":6016,"href":"https:\/\/masusaagriturismo.com\/index.php\/wp-json\/wp\/v2\/pages\/5056\/revisions\/6016"}],"wp:attachment":[{"href":"https:\/\/masusaagriturismo.com\/index.php\/wp-json\/wp\/v2\/media?parent=5056"}],"curies":[{"name":"wp","href":"https:\/\/api.w.org\/{rel}","templated":true}]}}