{"id":4954,"date":"2024-09-15T15:16:15","date_gmt":"2024-09-15T14:16:15","guid":{"rendered":"https:\/\/www.ahmadsab.xyz\/?page_id=4954"},"modified":"2024-09-15T15:33:23","modified_gmt":"2024-09-15T14:33:23","slug":"termini-legali","status":"publish","type":"page","link":"https:\/\/masusaagriturismo.com\/index.php\/termini-legali\/","title":{"rendered":"Termini legali"},"content":{"rendered":"\t\t<div data-elementor-type=\"wp-page\" data-elementor-id=\"4954\" class=\"elementor elementor-4954\">\n\t\t\t\t        <section class=\"elementor-section elementor-top-section elementor-element elementor-element-c7cd70f elementor-section-boxed elementor-section-height-default elementor-section-height-default ct-header-fixed-none ct-row-max-none\" data-id=\"c7cd70f\" data-element_type=\"section\" data-e-type=\"section\">\n            \n                        <div class=\"elementor-container elementor-column-gap-default \">\n                    <div class=\"elementor-column elementor-col-100 elementor-top-column elementor-element elementor-element-6063f04\" data-id=\"6063f04\" data-element_type=\"column\" data-e-type=\"column\">\n        <div class=\"elementor-widget-wrap elementor-element-populated\">\n                    \n        \t\t<div class=\"elementor-element elementor-element-971ac16 elementor-invisible elementor-widget elementor-widget-ct_heading\" data-id=\"971ac16\" data-element_type=\"widget\" data-e-type=\"widget\" data-settings=\"{&quot;_animation&quot;:&quot;fadeInLeft&quot;}\" data-widget_type=\"ct_heading.default\">\n\t\t\t\t<div class=\"elementor-widget-container\">\n\t\t\t\t\t<div class=\"ct-heading h-align-  sub-style1 ct-heading-left item-st-default\">\r\n\t    <h3 class=\"item--title st-default \" data-wow-delay=\"ms\">\r\n                <span class=\"sp-main\">\r\n            \r\n            Termini e Condizioni\r\n            \r\n                    <\/span>\r\n            <\/h3>\r\n<\/div>\t\t\t\t<\/div>\n\t\t\t\t<\/div>\n\t\t\t\t<div class=\"elementor-element elementor-element-40be4fb elementor-invisible elementor-widget elementor-widget-ct_text_editor\" data-id=\"40be4fb\" data-element_type=\"widget\" data-e-type=\"widget\" data-settings=\"{&quot;_animation&quot;:&quot;fadeInLeft&quot;}\" data-widget_type=\"ct_text_editor.default\">\n\t\t\t\t<div class=\"elementor-widget-container\">\n\t\t\t\t\t<div id=\"ct_text_editor-40be4fb\" class=\"ct-text-editor \" data-wow-delay=\"ms\">\n\t<div class=\"ct-inline-css\"  data-css=\"\n        \t\t\">\n\n    <\/div>\n\t<div class=\"ct-text-editor elementor-clearfix\">\n\t\t<p>Questi sono i nostri termini e condizioni per l&#8217;uso del nostro sito Web masusagri-1.sumupstore.com e l&#8217;acquisto di prodotti tramite il sito Web.<\/p><p>In caso di domande su questi termini, si prega di contattarci tramite il modulo con i recapiti.<\/p><p>I termini e le condizioni contenuti nel presente documento unitamente a eventuali avvisi o condizioni su altre aree di questo sito Web regoleranno insieme l&#8217;uso di questo sito Web da parte dei clienti. Si tenga presente che Masusagri pu\u00f2 in qualsiasi momento apportare modifiche o rimuovere parte di questo sito Web senza alcuna responsabilit\u00e0 verso i clienti per tali modifiche. Masusagri si riserva il diritto di modificare in futuro i presenti termini e condizioni senza informare specificamente i clienti e l&#8217;uso continuato del sito Web o l&#8217;effettuazione di ordini dopo tali modifiche saranno considerati come riconoscimento e accettazione delle stesse.<\/p><p>Il contratto tra il cliente e la nostra societ\u00e0 si intende concluso solo nel momento in cui l&#8217;ordine sar\u00e0 stato elaborato e spedito.<\/p><p>Quando un cliente effettua un ordine tramite questo sito Web, garantisce, effettuando l&#8217;ordine:-<\/p><ol><li>Di non essere minorenne o altrimenti legalmente incapace di stipulare un contratto vincolante.<\/li><li>Che i dati personali forniti al momento della registrazione sono assolutamente completi e accurati.<\/li><li>Di non utilizzare un nome falso o il nome di qualsiasi altra persona o ente che non \u00e8 autorizzato a utilizzare.<\/li><\/ol>\t\t\n\t<\/div>\n<\/div>\t\t\t\t<\/div>\n\t\t\t\t<\/div>\n\t\t\t\t<div class=\"elementor-element elementor-element-7007b9f elementor-invisible elementor-widget elementor-widget-ct_heading\" data-id=\"7007b9f\" data-element_type=\"widget\" data-e-type=\"widget\" data-settings=\"{&quot;_animation&quot;:&quot;fadeInLeft&quot;}\" data-widget_type=\"ct_heading.default\">\n\t\t\t\t<div class=\"elementor-widget-container\">\n\t\t\t\t\t<div class=\"ct-heading h-align-  sub-style1 ct-heading-left item-st-default\">\r\n\t    <h5 class=\"item--title st-default \" data-wow-delay=\"ms\">\r\n                <span class=\"sp-main\">\r\n            \r\n            Effettuazione di un ordine\r\n            \r\n                    <\/span>\r\n            <\/h5>\r\n<\/div>\t\t\t\t<\/div>\n\t\t\t\t<\/div>\n\t\t\t\t<div class=\"elementor-element elementor-element-ed98c1f elementor-invisible elementor-widget elementor-widget-ct_text_editor\" data-id=\"ed98c1f\" data-element_type=\"widget\" data-e-type=\"widget\" data-settings=\"{&quot;_animation&quot;:&quot;fadeInLeft&quot;}\" data-widget_type=\"ct_text_editor.default\">\n\t\t\t\t<div class=\"elementor-widget-container\">\n\t\t\t\t\t<div id=\"ct_text_editor-ed98c1f\" class=\"ct-text-editor \" data-wow-delay=\"ms\">\n\t<div class=\"ct-inline-css\"  data-css=\"\n        \t\t\">\n\n    <\/div>\n\t<div class=\"ct-text-editor elementor-clearfix\">\n\t\t<p>Quando effettua un ordine, il cliente \u00e8 consapevole che cos\u00ec facendo accetta questi termini e condizioni, pertanto \u00e8 importante che li abbia letti prima di procedere con l&#8217;ordine.<\/p>\t\t\n\t<\/div>\n<\/div>\t\t\t\t<\/div>\n\t\t\t\t<\/div>\n\t\t\t\t<div class=\"elementor-element elementor-element-10cc214 elementor-invisible elementor-widget elementor-widget-ct_heading\" data-id=\"10cc214\" data-element_type=\"widget\" data-e-type=\"widget\" data-settings=\"{&quot;_animation&quot;:&quot;fadeInLeft&quot;}\" data-widget_type=\"ct_heading.default\">\n\t\t\t\t<div class=\"elementor-widget-container\">\n\t\t\t\t\t<div class=\"ct-heading h-align-  sub-style1 ct-heading-left item-st-default\">\r\n\t    <h5 class=\"item--title st-default \" data-wow-delay=\"ms\">\r\n                <span class=\"sp-main\">\r\n            \r\n            Annullamento di un ordine\r\n            \r\n                    <\/span>\r\n            <\/h5>\r\n<\/div>\t\t\t\t<\/div>\n\t\t\t\t<\/div>\n\t\t\t\t<div class=\"elementor-element elementor-element-119e504 elementor-invisible elementor-widget elementor-widget-ct_text_editor\" data-id=\"119e504\" data-element_type=\"widget\" data-e-type=\"widget\" data-settings=\"{&quot;_animation&quot;:&quot;fadeInLeft&quot;}\" data-widget_type=\"ct_text_editor.default\">\n\t\t\t\t<div class=\"elementor-widget-container\">\n\t\t\t\t\t<div id=\"ct_text_editor-119e504\" class=\"ct-text-editor \" data-wow-delay=\"ms\">\n\t<div class=\"ct-inline-css\"  data-css=\"\n        \t\t\">\n\n    <\/div>\n\t<div class=\"ct-text-editor elementor-clearfix\">\n\t\t<p>In quanto cliente, sei libero di annullare un ordine entro 14 giorni e l&#8217;importo pagato ti sar\u00e0 rimborsato sul profilo utilizzato per pagare inizialmente l&#8217;ordine.<\/p>\t\t\n\t<\/div>\n<\/div>\t\t\t\t<\/div>\n\t\t\t\t<\/div>\n\t\t\t\t<div class=\"elementor-element elementor-element-81456b8 elementor-invisible elementor-widget elementor-widget-ct_heading\" data-id=\"81456b8\" data-element_type=\"widget\" data-e-type=\"widget\" data-settings=\"{&quot;_animation&quot;:&quot;fadeInLeft&quot;}\" data-widget_type=\"ct_heading.default\">\n\t\t\t\t<div class=\"elementor-widget-container\">\n\t\t\t\t\t<div class=\"ct-heading h-align-  sub-style1 ct-heading-left item-st-default\">\r\n\t    <h5 class=\"item--title st-default \" data-wow-delay=\"ms\">\r\n                <span class=\"sp-main\">\r\n            \r\n            Accettazione di un ordine\r\n            \r\n                    <\/span>\r\n            <\/h5>\r\n<\/div>\t\t\t\t<\/div>\n\t\t\t\t<\/div>\n\t\t\t\t<div class=\"elementor-element elementor-element-c129df3 elementor-invisible elementor-widget elementor-widget-ct_text_editor\" data-id=\"c129df3\" data-element_type=\"widget\" data-e-type=\"widget\" data-settings=\"{&quot;_animation&quot;:&quot;fadeInLeft&quot;}\" data-widget_type=\"ct_text_editor.default\">\n\t\t\t\t<div class=\"elementor-widget-container\">\n\t\t\t\t\t<div id=\"ct_text_editor-c129df3\" class=\"ct-text-editor \" data-wow-delay=\"ms\">\n\t<div class=\"ct-inline-css\"  data-css=\"\n        \t\t\">\n\n    <\/div>\n\t<div class=\"ct-text-editor elementor-clearfix\">\n\t\t<p>Quando viene effettuato un ordine, il cliente riceve una conferma, contenente la descrizione dei prodotti e dei prezzi di acquisto, all&#8217;indirizzo email che ha fornito al momento del pagamento.<\/p>\t\t\n\t<\/div>\n<\/div>\t\t\t\t<\/div>\n\t\t\t\t<\/div>\n\t\t\t\t<div class=\"elementor-element elementor-element-ef628ef elementor-invisible elementor-widget elementor-widget-ct_heading\" data-id=\"ef628ef\" data-element_type=\"widget\" data-e-type=\"widget\" data-settings=\"{&quot;_animation&quot;:&quot;fadeInLeft&quot;}\" data-widget_type=\"ct_heading.default\">\n\t\t\t\t<div class=\"elementor-widget-container\">\n\t\t\t\t\t<div class=\"ct-heading h-align-  sub-style1 ct-heading-left item-st-default\">\r\n\t    <h5 class=\"item--title st-default \" data-wow-delay=\"ms\">\r\n                <span class=\"sp-main\">\r\n            \r\n            Consegna\r\n            \r\n                    <\/span>\r\n            <\/h5>\r\n<\/div>\t\t\t\t<\/div>\n\t\t\t\t<\/div>\n\t\t\t\t<div class=\"elementor-element elementor-element-de8e5fd elementor-invisible elementor-widget elementor-widget-ct_text_editor\" data-id=\"de8e5fd\" data-element_type=\"widget\" data-e-type=\"widget\" data-settings=\"{&quot;_animation&quot;:&quot;fadeInLeft&quot;}\" data-widget_type=\"ct_text_editor.default\">\n\t\t\t\t<div class=\"elementor-widget-container\">\n\t\t\t\t\t<div id=\"ct_text_editor-de8e5fd\" class=\"ct-text-editor \" data-wow-delay=\"ms\">\n\t<div class=\"ct-inline-css\"  data-css=\"\n        \t\t\">\n\n    <\/div>\n\t<div class=\"ct-text-editor elementor-clearfix\">\n\t\t<p>In quanto cliente, hai la possibilit\u00e0 di scegliere tra le opzioni di spedizione indicate e disponibili al momento. Masusagri non si assume alcuna responsabilit\u00e0 per i danni di trasporto o derivanti da ritardi al di fuori del proprio controllo. Ritiro in negozio<\/p>\t\t\n\t<\/div>\n<\/div>\t\t\t\t<\/div>\n\t\t\t\t<\/div>\n\t\t\t\t<div class=\"elementor-element elementor-element-c7ab686 elementor-invisible elementor-widget elementor-widget-ct_heading\" data-id=\"c7ab686\" data-element_type=\"widget\" data-e-type=\"widget\" data-settings=\"{&quot;_animation&quot;:&quot;fadeInLeft&quot;}\" data-widget_type=\"ct_heading.default\">\n\t\t\t\t<div class=\"elementor-widget-container\">\n\t\t\t\t\t<div class=\"ct-heading h-align-  sub-style1 ct-heading-left item-st-default\">\r\n\t    <h5 class=\"item--title st-default \" data-wow-delay=\"ms\">\r\n                <span class=\"sp-main\">\r\n            \r\n            Politica di restituzione\r\n            \r\n                    <\/span>\r\n            <\/h5>\r\n<\/div>\t\t\t\t<\/div>\n\t\t\t\t<\/div>\n\t\t\t\t<div class=\"elementor-element elementor-element-63bb643 elementor-invisible elementor-widget elementor-widget-ct_text_editor\" data-id=\"63bb643\" data-element_type=\"widget\" data-e-type=\"widget\" data-settings=\"{&quot;_animation&quot;:&quot;fadeInLeft&quot;}\" data-widget_type=\"ct_text_editor.default\">\n\t\t\t\t<div class=\"elementor-widget-container\">\n\t\t\t\t\t<div id=\"ct_text_editor-63bb643\" class=\"ct-text-editor \" data-wow-delay=\"ms\">\n\t<div class=\"ct-inline-css\"  data-css=\"\n        \t\t\">\n\n    <\/div>\n\t<div class=\"ct-text-editor elementor-clearfix\">\n\t\t<p>Masusagri accetta i resi entro 14 giorni se i prodotti non sono stati usati, modificati, lavati o alterati in altro modo. I prodotti devono essere resi nell&#8217;imballo originale. Ogni reso a Masusagri deve essere prima autorizzato da Masusagri per iscritto e sar\u00e0 soggetto all&#8217;addebito di costi amministrativi.<\/p>\t\t\n\t<\/div>\n<\/div>\t\t\t\t<\/div>\n\t\t\t\t<\/div>\n\t\t\t\t<div class=\"elementor-element elementor-element-945391b elementor-invisible elementor-widget elementor-widget-ct_heading\" data-id=\"945391b\" data-element_type=\"widget\" data-e-type=\"widget\" data-settings=\"{&quot;_animation&quot;:&quot;fadeInLeft&quot;}\" data-widget_type=\"ct_heading.default\">\n\t\t\t\t<div class=\"elementor-widget-container\">\n\t\t\t\t\t<div class=\"ct-heading h-align-  sub-style1 ct-heading-left item-st-default\">\r\n\t    <h5 class=\"item--title st-default \" data-wow-delay=\"ms\">\r\n                <span class=\"sp-main\">\r\n            \r\n            Responsabilit\u00e0\r\n            \r\n                    <\/span>\r\n            <\/h5>\r\n<\/div>\t\t\t\t<\/div>\n\t\t\t\t<\/div>\n\t\t\t\t<div class=\"elementor-element elementor-element-9ecbca3 elementor-invisible elementor-widget elementor-widget-ct_text_editor\" data-id=\"9ecbca3\" data-element_type=\"widget\" data-e-type=\"widget\" data-settings=\"{&quot;_animation&quot;:&quot;fadeInLeft&quot;}\" data-widget_type=\"ct_text_editor.default\">\n\t\t\t\t<div class=\"elementor-widget-container\">\n\t\t\t\t\t<div id=\"ct_text_editor-9ecbca3\" class=\"ct-text-editor \" data-wow-delay=\"ms\">\n\t<div class=\"ct-inline-css\"  data-css=\"\n        \t\t\">\n\n    <\/div>\n\t<div class=\"ct-text-editor elementor-clearfix\">\n\t\t<p>Ci adoperiamo affinch\u00e9 le informazioni su questo sito Web siano quanto pi\u00f9 accurate possibile, ma non forniamo alcuna garanzia, espressa o implicita, riguardo alla loro accuratezza. Inoltre non forniamo alcuna garanzia in merito a questioni relative all&#8217;uso di questo sito Web, pertanto spetta all&#8217;utente assicurarsi che le proprie apparecchiature siano protette da virus o altri fattori esterni.<br \/>I diritti dell&#8217;utente sono protetti dal Sale of Goods and Supply of Services Act del 1980, nonch\u00e9 dal Consumer Protection Act del 2007, in quanto consumatore. Nulla in questo sito Web pregiudica i diritti dell&#8217;utente ai sensi della legge applicabile.<\/p>\t\t\n\t<\/div>\n<\/div>\t\t\t\t<\/div>\n\t\t\t\t<\/div>\n\t\t\t\t<div class=\"elementor-element elementor-element-045d769 elementor-invisible elementor-widget elementor-widget-ct_heading\" data-id=\"045d769\" data-element_type=\"widget\" data-e-type=\"widget\" data-settings=\"{&quot;_animation&quot;:&quot;fadeInLeft&quot;}\" data-widget_type=\"ct_heading.default\">\n\t\t\t\t<div class=\"elementor-widget-container\">\n\t\t\t\t\t<div class=\"ct-heading h-align-  sub-style1 ct-heading-left item-st-default\">\r\n\t    <h5 class=\"item--title st-default \" data-wow-delay=\"ms\">\r\n                <span class=\"sp-main\">\r\n            \r\n            Nullit\u00e0 parziale\r\n            \r\n                    <\/span>\r\n            <\/h5>\r\n<\/div>\t\t\t\t<\/div>\n\t\t\t\t<\/div>\n\t\t\t\t<div class=\"elementor-element elementor-element-82e9cbc elementor-invisible elementor-widget elementor-widget-ct_text_editor\" data-id=\"82e9cbc\" data-element_type=\"widget\" data-e-type=\"widget\" data-settings=\"{&quot;_animation&quot;:&quot;fadeInLeft&quot;}\" data-widget_type=\"ct_text_editor.default\">\n\t\t\t\t<div class=\"elementor-widget-container\">\n\t\t\t\t\t<div id=\"ct_text_editor-82e9cbc\" class=\"ct-text-editor \" data-wow-delay=\"ms\">\n\t<div class=\"ct-inline-css\"  data-css=\"\n        \t\t\">\n\n    <\/div>\n\t<div class=\"ct-text-editor elementor-clearfix\">\n\t\t<p>Se uno qualsiasi di questi termini e condizioni dovesse risultare nullo, illegale o inapplicabile per qualsiasi motivo, tali termini e condizioni saranno considerati separabili dai restanti termini e condizioni che rimarranno validi e applicabili.<br \/>Se una disposizione di questi termini e condizioni \u00e8 illegale, nulla o per qualsiasi motivo inapplicabile, tale disposizione sar\u00e0 considerata separabile e non pregiudicher\u00e0 la validit\u00e0 e l&#8217;applicabilit\u00e0 delle restanti disposizioni.<\/p>\t\t\n\t<\/div>\n<\/div>\t\t\t\t<\/div>\n\t\t\t\t<\/div>\n\t\t            <\/div>\n        <\/div>\n                    <\/div>\n        <\/section>\n        \t\t<\/div>\n\t\t","protected":false},"excerpt":{"rendered":"<p>Termini e Condizioni Questi sono i nostri termini e condizioni per l&#8217;uso del nostro sito Web masusagri-1.sumupstore.com e l&#8217;acquisto di prodotti tramite il sito Web. In caso di domande su questi termini, si prega di contattarci tramite il modulo con i recapiti. I termini e le condizioni contenuti nel presente documento unitamente a eventuali avvisi [&hellip;]<\/p>\n","protected":false},"author":10,"featured_media":0,"parent":0,"menu_order":0,"comment_status":"closed","ping_status":"closed","template":"","meta":{"footnotes":""},"class_list":["post-4954","page","type-page","status-publish","hentry"],"_links":{"self":[{"href":"https:\/\/masusaagriturismo.com\/index.php\/wp-json\/wp\/v2\/pages\/4954","targetHints":{"allow":["GET"]}}],"collection":[{"href":"https:\/\/masusaagriturismo.com\/index.php\/wp-json\/wp\/v2\/pages"}],"about":[{"href":"https:\/\/masusaagriturismo.com\/index.php\/wp-json\/wp\/v2\/types\/page"}],"author":[{"embeddable":true,"href":"https:\/\/masusaagriturismo.com\/index.php\/wp-json\/wp\/v2\/users\/10"}],"replies":[{"embeddable":true,"href":"https:\/\/masusaagriturismo.com\/index.php\/wp-json\/wp\/v2\/comments?post=4954"}],"version-history":[{"count":4,"href":"https:\/\/masusaagriturismo.com\/index.php\/wp-json\/wp\/v2\/pages\/4954\/revisions"}],"predecessor-version":[{"id":4971,"href":"https:\/\/masusaagriturismo.com\/index.php\/wp-json\/wp\/v2\/pages\/4954\/revisions\/4971"}],"wp:attachment":[{"href":"https:\/\/masusaagriturismo.com\/index.php\/wp-json\/wp\/v2\/media?parent=4954"}],"curies":[{"name":"wp","href":"https:\/\/api.w.org\/{rel}","templated":true}]}}