{"id":3495,"date":"2020-02-07T02:16:59","date_gmt":"2020-02-07T02:16:59","guid":{"rendered":"https:\/\/demo.casethemes.net\/consultio-corporate2\/?page_id=3495"},"modified":"2024-11-29T08:37:35","modified_gmt":"2024-11-29T08:37:35","slug":"about-v-4","status":"publish","type":"page","link":"https:\/\/masusaagriturismo.com\/index.php\/about-v-4\/","title":{"rendered":"CHI SIAMO"},"content":{"rendered":"\t\t<div data-elementor-type=\"wp-page\" data-elementor-id=\"3495\" class=\"elementor elementor-3495\">\n\t\t\t\t        <section class=\"elementor-section elementor-top-section elementor-element elementor-element-bca8448 elementor-section-stretched elementor-hidden-desktop elementor-hidden-tablet elementor-hidden-mobile elementor-section-boxed elementor-section-height-default elementor-section-height-default ct-header-fixed-none ct-row-max-none\" data-id=\"bca8448\" data-element_type=\"section\" data-settings=\"{&quot;stretch_section&quot;:&quot;section-stretched&quot;}\">\n            \n                        <div class=\"elementor-container elementor-column-gap-extended \">\n                    <div class=\"elementor-column elementor-col-100 elementor-top-column elementor-element elementor-element-8630a61\" data-id=\"8630a61\" data-element_type=\"column\">\n        <div class=\"elementor-widget-wrap elementor-element-populated\">\n                    \n        \t\t<div class=\"elementor-element elementor-element-5ab3233 elementor-widget elementor-widget-ct_heading\" data-id=\"5ab3233\" data-element_type=\"widget\" data-widget_type=\"ct_heading.default\">\n\t\t\t\t<div class=\"elementor-widget-container\">\n\t\t\t\t\t<div class=\"ct-heading h-align-center  sub-style1 ct-heading-left item-st-default\">\r\n\t    <h3 class=\"item--title st-default \" data-wow-delay=\"ms\">\r\n                <span class=\"sp-main\">\r\n            \r\n            Benvenuto nel tuo<i><br> rifugio perfetto<\/i>\r\n            \r\n                    <\/span>\r\n            <\/h3>\r\n<\/div>\t\t\t\t<\/div>\n\t\t\t\t<\/div>\n\t\t\t\t<div class=\"elementor-element elementor-element-12e6001 elementor-widget elementor-widget-ct_particle_animate\" data-id=\"12e6001\" data-element_type=\"widget\" data-widget_type=\"ct_particle_animate.default\">\n\t\t\t\t<div class=\"elementor-widget-container\">\n\t\t\t\t\t\t<div class=\"ct-particle-animate el-move-parents\">\r\n\t\t\t\t    <div id=\"ct_particle_animate-12e60010\" class=\"animate-none \"  data-wow-delay=\"ms\">\r\n\t\t    \t<div class=\"ct-inline-css\"  data-css=\"\r\n\t\t            .ct-particle-animate #ct_particle_animate-12e60010 {\r\n\t\t                left: 13px;\r\n\t\t                top: 34px;\r\n\t\t            }\">\r\n\t\t        <\/div>\r\n\t\t    \t<img decoding=\"async\" width=\"165\" height=\"278\" src=\"https:\/\/masusaagriturismo.com\/wp-content\/uploads\/2020\/02\/about4-shape1.png\" class=\"attachment-full\" alt=\"\" \/>\t\t\r\n\t\t    <\/div>\r\n\t\t\t<\/div>\r\n\t\t\t\t<\/div>\n\t\t\t\t<\/div>\n\t\t        <section class=\"elementor-section elementor-inner-section elementor-element elementor-element-942af5f elementor-section-boxed elementor-section-height-default elementor-section-height-default ct-header-fixed-none ct-row-max-none\" data-id=\"942af5f\" data-element_type=\"section\">\n            \n                        <div class=\"elementor-container elementor-column-gap-extended \">\n                    <div class=\"elementor-column elementor-col-50 elementor-inner-column elementor-element elementor-element-80813fd\" data-id=\"80813fd\" data-element_type=\"column\">\n        <div class=\"elementor-widget-wrap elementor-element-populated\">\n                    \n        \t\t<div class=\"elementor-element elementor-element-a3c8047 elementor-widget elementor-widget-image\" data-id=\"a3c8047\" data-element_type=\"widget\" data-widget_type=\"image.default\">\n\t\t\t\t<div class=\"elementor-widget-container\">\n\t\t\t\t\t\t\t\t\t\t\t\t\t\t\t<img fetchpriority=\"high\" decoding=\"async\" width=\"930\" height=\"604\" src=\"https:\/\/masusaagriturismo.com\/wp-content\/uploads\/2024\/09\/298206335_370348995287670_8706269726571008785_n-1.png\" class=\"attachment-full size-full wp-image-5069\" alt=\"\" srcset=\"https:\/\/masusaagriturismo.com\/wp-content\/uploads\/2024\/09\/298206335_370348995287670_8706269726571008785_n-1.png 930w, https:\/\/masusaagriturismo.com\/wp-content\/uploads\/2024\/09\/298206335_370348995287670_8706269726571008785_n-1-600x390.png 600w, https:\/\/masusaagriturismo.com\/wp-content\/uploads\/2024\/09\/298206335_370348995287670_8706269726571008785_n-1-300x195.png 300w, https:\/\/masusaagriturismo.com\/wp-content\/uploads\/2024\/09\/298206335_370348995287670_8706269726571008785_n-1-768x499.png 768w\" sizes=\"(max-width: 930px) 100vw, 930px\" \/>\t\t\t\t\t\t\t\t\t\t\t\t\t\t\t<\/div>\n\t\t\t\t<\/div>\n\t\t            <\/div>\n        <\/div>\n                <div class=\"elementor-column elementor-col-50 elementor-inner-column elementor-element elementor-element-f269e39 elementor-invisible\" data-id=\"f269e39\" data-element_type=\"column\" data-settings=\"{&quot;background_background&quot;:&quot;classic&quot;,&quot;animation&quot;:&quot;fadeInRight&quot;}\">\n        <div class=\"elementor-widget-wrap elementor-element-populated\">\n                    \n        \t\t<div class=\"elementor-element elementor-element-39ccfa7 elementor-widget elementor-widget-ct_text_editor\" data-id=\"39ccfa7\" data-element_type=\"widget\" data-widget_type=\"ct_text_editor.default\">\n\t\t\t\t<div class=\"elementor-widget-container\">\n\t\t\t\t\t<div id=\"ct_text_editor-39ccfa7\" class=\"ct-text-editor \" data-wow-delay=\"ms\">\n\t<div class=\"ct-inline-css\"  data-css=\"\n        \t\t\">\n\n    <\/div>\n\t<div class=\"ct-text-editor elementor-clearfix\">\n\t\t<div class=\"flex max-w-full flex-col flex-grow\"><div class=\"min-h-[20px] text-message flex w-full flex-col items-end gap-2 whitespace-normal break-words [.text-message+&amp;]:mt-5\" dir=\"auto\" data-message-author-role=\"assistant\" data-message-id=\"869dd562-38ae-4180-98d0-cc405f6ad438\"><div class=\"flex w-full flex-col gap-1 empty:hidden first:pt-[3px]\"><div class=\"markdown prose w-full break-words dark:prose-invert light\"><p>Immerso nel cuore delle splendide colline del Cilento, il nostro resort \u00e8 un&#8217;oasi di pace pensata per offrire ai nostri ospiti un&#8217;esperienza unica e confortevole. Siamo appassionati nel creare soggiorni memorabili, fondendo il calore dell&#8217;ospitalit\u00e0 mediterranea con i comfort moderni. Le nostre camere sono progettate con cura per soddisfare sia famiglie che coppie, garantendo a tutti il loro rifugio ideale. Dalle viste mozzafiato all&#8217;attenzione ai dettagli in ogni aspetto del nostro servizio, ci impegniamo a rendere il vostro soggiorno indimenticabile.<\/p><\/div><\/div><\/div><\/div>\t\t\n\t<\/div>\n<\/div>\t\t\t\t<\/div>\n\t\t\t\t<\/div>\n\t\t            <\/div>\n        <\/div>\n                    <\/div>\n        <\/section>\n                <section class=\"elementor-section elementor-inner-section elementor-element elementor-element-17d36fc elementor-section-boxed elementor-section-height-default elementor-section-height-default ct-header-fixed-none ct-row-max-none\" data-id=\"17d36fc\" data-element_type=\"section\">\n            \n                        <div class=\"elementor-container elementor-column-gap-extended \">\n                    <div class=\"elementor-column elementor-col-50 elementor-inner-column elementor-element elementor-element-78fa4fb elementor-invisible\" data-id=\"78fa4fb\" data-element_type=\"column\" data-settings=\"{&quot;background_background&quot;:&quot;classic&quot;,&quot;animation&quot;:&quot;fadeInRight&quot;}\">\n        <div class=\"elementor-widget-wrap elementor-element-populated\">\n                    \n        \t\t<div class=\"elementor-element elementor-element-d65e53b elementor-widget elementor-widget-ct_text_editor\" data-id=\"d65e53b\" data-element_type=\"widget\" data-widget_type=\"ct_text_editor.default\">\n\t\t\t\t<div class=\"elementor-widget-container\">\n\t\t\t\t\t<div id=\"ct_text_editor-d65e53b\" class=\"ct-text-editor \" data-wow-delay=\"ms\">\n\t<div class=\"ct-inline-css\"  data-css=\"\n        \t\t\">\n\n    <\/div>\n\t<div class=\"ct-text-editor elementor-clearfix\">\n\t\t<div class=\"flex max-w-full flex-col flex-grow\"><div class=\"min-h-[20px] text-message flex w-full flex-col items-end gap-2 whitespace-normal break-words [.text-message+&amp;]:mt-5\" dir=\"auto\" data-message-author-role=\"assistant\" data-message-id=\"869dd562-38ae-4180-98d0-cc405f6ad438\"><div class=\"flex w-full flex-col gap-1 empty:hidden first:pt-[3px]\"><div class=\"markdown prose w-full break-words dark:prose-invert light\"><p>Immerso nel cuore delle splendide colline del Cilento, il nostro resort \u00e8 un&#8217;oasi di pace pensata per offrire ai nostri ospiti un&#8217;esperienza unica e confortevole. Siamo appassionati nel creare soggiorni memorabili, fondendo il calore dell&#8217;ospitalit\u00e0 mediterranea con i comfort moderni. Le nostre camere sono progettate con cura per soddisfare sia famiglie che coppie, garantendo a tutti il loro rifugio ideale. Dalle viste mozzafiato all&#8217;attenzione ai dettagli in ogni aspetto del nostro servizio, ci impegniamo a rendere il vostro soggiorno indimenticabile.<\/p><\/div><\/div><\/div><\/div>\t\t\n\t<\/div>\n<\/div>\t\t\t\t<\/div>\n\t\t\t\t<\/div>\n\t\t            <\/div>\n        <\/div>\n                <div class=\"elementor-column elementor-col-50 elementor-inner-column elementor-element elementor-element-d628ab5\" data-id=\"d628ab5\" data-element_type=\"column\">\n        <div class=\"elementor-widget-wrap elementor-element-populated\">\n                    \n        \t\t<div class=\"elementor-element elementor-element-72d0f76 elementor-widget elementor-widget-image\" data-id=\"72d0f76\" data-element_type=\"widget\" data-widget_type=\"image.default\">\n\t\t\t\t<div class=\"elementor-widget-container\">\n\t\t\t\t\t\t\t\t\t\t\t\t\t\t\t<img decoding=\"async\" width=\"1290\" height=\"1456\" src=\"https:\/\/masusaagriturismo.com\/wp-content\/uploads\/2024\/09\/8CFD4FB9-6167-4D15-8AE9-ECFF624F6B8F-1.png\" class=\"attachment-full size-full wp-image-5311\" alt=\"\" srcset=\"https:\/\/masusaagriturismo.com\/wp-content\/uploads\/2024\/09\/8CFD4FB9-6167-4D15-8AE9-ECFF624F6B8F-1.png 1290w, https:\/\/masusaagriturismo.com\/wp-content\/uploads\/2024\/09\/8CFD4FB9-6167-4D15-8AE9-ECFF624F6B8F-1-600x677.png 600w, https:\/\/masusaagriturismo.com\/wp-content\/uploads\/2024\/09\/8CFD4FB9-6167-4D15-8AE9-ECFF624F6B8F-1-266x300.png 266w, https:\/\/masusaagriturismo.com\/wp-content\/uploads\/2024\/09\/8CFD4FB9-6167-4D15-8AE9-ECFF624F6B8F-1-907x1024.png 907w, https:\/\/masusaagriturismo.com\/wp-content\/uploads\/2024\/09\/8CFD4FB9-6167-4D15-8AE9-ECFF624F6B8F-1-768x867.png 768w\" sizes=\"(max-width: 1290px) 100vw, 1290px\" \/>\t\t\t\t\t\t\t\t\t\t\t\t\t\t\t<\/div>\n\t\t\t\t<\/div>\n\t\t            <\/div>\n        <\/div>\n                    <\/div>\n        <\/section>\n                    <\/div>\n        <\/div>\n                    <\/div>\n        <\/section>\n        <div class=\"elementor-element elementor-element-a603c88 e-flex e-con-boxed e-con e-parent\" data-id=\"a603c88\" data-element_type=\"container\">\n\t\t\t\t\t<div class=\"e-con-inner\">\n\t\t<div class=\"elementor-element elementor-element-ddacc1a e-con-full e-flex elementor-invisible e-con e-child\" data-id=\"ddacc1a\" data-element_type=\"container\" data-settings=\"{&quot;animation&quot;:&quot;zoomIn&quot;}\">\n\t\t\t\t<div class=\"elementor-element elementor-element-ad2f30c elementor-widget__width-initial animated-slow elementor-invisible elementor-widget elementor-widget-image\" data-id=\"ad2f30c\" data-element_type=\"widget\" data-settings=\"{&quot;_animation&quot;:&quot;zoomIn&quot;}\" data-widget_type=\"image.default\">\n\t\t\t\t<div class=\"elementor-widget-container\">\n\t\t\t\t\t\t\t\t\t\t\t\t\t\t\t<img decoding=\"async\" width=\"1290\" height=\"1456\" src=\"https:\/\/masusaagriturismo.com\/wp-content\/uploads\/2024\/09\/8CFD4FB9-6167-4D15-8AE9-ECFF624F6B8F-1.png\" class=\"attachment-full size-full wp-image-5311\" alt=\"\" srcset=\"https:\/\/masusaagriturismo.com\/wp-content\/uploads\/2024\/09\/8CFD4FB9-6167-4D15-8AE9-ECFF624F6B8F-1.png 1290w, https:\/\/masusaagriturismo.com\/wp-content\/uploads\/2024\/09\/8CFD4FB9-6167-4D15-8AE9-ECFF624F6B8F-1-600x677.png 600w, https:\/\/masusaagriturismo.com\/wp-content\/uploads\/2024\/09\/8CFD4FB9-6167-4D15-8AE9-ECFF624F6B8F-1-266x300.png 266w, https:\/\/masusaagriturismo.com\/wp-content\/uploads\/2024\/09\/8CFD4FB9-6167-4D15-8AE9-ECFF624F6B8F-1-907x1024.png 907w, https:\/\/masusaagriturismo.com\/wp-content\/uploads\/2024\/09\/8CFD4FB9-6167-4D15-8AE9-ECFF624F6B8F-1-768x867.png 768w\" sizes=\"(max-width: 1290px) 100vw, 1290px\" \/>\t\t\t\t\t\t\t\t\t\t\t\t\t\t\t<\/div>\n\t\t\t\t<\/div>\n\t\t\t\t<\/div>\n\t\t<div class=\"elementor-element elementor-element-1884e0c e-con-full e-flex elementor-invisible e-con e-child\" data-id=\"1884e0c\" data-element_type=\"container\" data-settings=\"{&quot;background_background&quot;:&quot;classic&quot;,&quot;animation&quot;:&quot;fadeInRight&quot;}\">\n\t\t\t\t<div class=\"elementor-element elementor-element-f0c2600 elementor-widget elementor-widget-heading\" data-id=\"f0c2600\" data-element_type=\"widget\" data-widget_type=\"heading.default\">\n\t\t\t\t<div class=\"elementor-widget-container\">\n\t\t\t\t\t<h2 class=\"elementor-heading-title elementor-size-default\">La storia<\/h2>\t\t\t\t<\/div>\n\t\t\t\t<\/div>\n\t\t\t\t<div class=\"elementor-element elementor-element-7dcbf9a elementor-widget elementor-widget-ct_text_editor\" data-id=\"7dcbf9a\" data-element_type=\"widget\" data-widget_type=\"ct_text_editor.default\">\n\t\t\t\t<div class=\"elementor-widget-container\">\n\t\t\t\t\t<div id=\"ct_text_editor-7dcbf9a\" class=\"ct-text-editor \" data-wow-delay=\"ms\">\n\t<div class=\"ct-inline-css\"  data-css=\"\n        \t\t\">\n\n    <\/div>\n\t<div class=\"ct-text-editor elementor-clearfix\">\n\t\t<p>La storiaA partire da un casale rurale appartenuto alla famiglia da generazioni, i due fratelli; Stefano e Cristian, hanno deciso di unire le loro forze e le loro competenze per creare qualcosa di davvero speciale: Masus\u00e1, un Agriresort immerso nella natura incontaminata di Aquara, ai piedi del Parco Nazionale del Cilento, Vallo di Diano e Alburni. Un luogo in cui ogni dettaglio \u00e8 curato con amore e dedizione. Stefano si \u00e8 occupato dell\u2019aspetto tecnico, garantendo che tutto fosse perfettamente funzionante e sicuro, mentre Cristian ha dato libero sfogo alla creativit\u00e1, decorando ogni angolo della struttura con le sue opere d&#8217;arte. Il risultato di questa collaborazione \u00e8 stato straordinario: l\u00b4Agriresort dei due fratelli \u00e8 diventato un vero e proprio gioiello, apprezzato da un turismo internazionale. L&#8217;atmosfera che si respira \u00e8 quella di un luogo magico e rilassante. Il contesto storico in cui \u00e8 situato \u00e9 di grande fascino e bellezza.\u00a0<\/p>\t\t\n\t<\/div>\n<\/div>\t\t\t\t<\/div>\n\t\t\t\t<\/div>\n\t\t\t\t<\/div>\n\t\t\t\t\t<\/div>\n\t\t\t\t<\/div>\n\t\t<div class=\"elementor-element elementor-element-d6de219 e-flex e-con-boxed e-con e-parent\" data-id=\"d6de219\" data-element_type=\"container\">\n\t\t\t\t\t<div class=\"e-con-inner\">\n\t\t<div class=\"elementor-element elementor-element-6de9380 e-con-full e-flex elementor-invisible e-con e-child\" data-id=\"6de9380\" data-element_type=\"container\" data-settings=\"{&quot;animation&quot;:&quot;fadeInLeft&quot;}\">\n\t\t\t\t<div class=\"elementor-element elementor-element-8c97381 elementor-widget elementor-widget-heading\" data-id=\"8c97381\" data-element_type=\"widget\" data-widget_type=\"heading.default\">\n\t\t\t\t<div class=\"elementor-widget-container\">\n\t\t\t\t\t<h2 class=\"elementor-heading-title elementor-size-default\">Il Resort<\/h2>\t\t\t\t<\/div>\n\t\t\t\t<\/div>\n\t\t\t\t<div class=\"elementor-element elementor-element-a05acc7 elementor-widget elementor-widget-ct_text_editor\" data-id=\"a05acc7\" data-element_type=\"widget\" data-widget_type=\"ct_text_editor.default\">\n\t\t\t\t<div class=\"elementor-widget-container\">\n\t\t\t\t\t<div id=\"ct_text_editor-a05acc7\" class=\"ct-text-editor \" data-wow-delay=\"ms\">\n\t<div class=\"ct-inline-css\"  data-css=\"\n        \t\t\">\n\n    <\/div>\n\t<div class=\"ct-text-editor elementor-clearfix\">\n\t\t<p>Immerso nel cuore delle splendide colline del Cilento, il nostro resort \u00e8 un&#8217;oasi di pace pensata per offrire ai nostri ospiti un&#8217;esperienza unica e confortevole. Siamo appassionati nel creare soggiorni memorabili, fondendo il calore dell&#8217;ospitalit\u00e0 mediterranea con i comfort moderni. Le nostre camere sono progettate con cura per soddisfare sia famiglie che coppie, garantendo a tutti il loro rifugio ideale. Dalle viste mozzafiato all&#8217;attenzione ai dettagli in ogni aspetto del nostro servizio, ci impegniamo a rendere il vostro soggiorno indimenticabile.<\/p>\t\t\n\t<\/div>\n<\/div>\t\t\t\t<\/div>\n\t\t\t\t<\/div>\n\t\t\t\t<\/div>\n\t\t<div class=\"elementor-element elementor-element-e770b4b e-con-full e-flex e-con e-child\" data-id=\"e770b4b\" data-element_type=\"container\">\n\t\t\t\t<div class=\"elementor-element elementor-element-8e40fb8 elementor-invisible elementor-widget elementor-widget-image\" data-id=\"8e40fb8\" data-element_type=\"widget\" data-settings=\"{&quot;_animation&quot;:&quot;zoomIn&quot;}\" data-widget_type=\"image.default\">\n\t\t\t\t<div class=\"elementor-widget-container\">\n\t\t\t\t\t\t\t\t\t\t\t\t\t\t\t<img loading=\"lazy\" decoding=\"async\" width=\"1024\" height=\"683\" src=\"https:\/\/masusaagriturismo.com\/wp-content\/uploads\/2024\/10\/381272786.jpg\" class=\"attachment-full size-full wp-image-5668\" alt=\"\" srcset=\"https:\/\/masusaagriturismo.com\/wp-content\/uploads\/2024\/10\/381272786.jpg 1024w, https:\/\/masusaagriturismo.com\/wp-content\/uploads\/2024\/10\/381272786-300x200.jpg 300w, https:\/\/masusaagriturismo.com\/wp-content\/uploads\/2024\/10\/381272786-768x512.jpg 768w, https:\/\/masusaagriturismo.com\/wp-content\/uploads\/2024\/10\/381272786-600x400.jpg 600w\" sizes=\"(max-width: 1024px) 100vw, 1024px\" \/>\t\t\t\t\t\t\t\t\t\t\t\t\t\t\t<\/div>\n\t\t\t\t<\/div>\n\t\t\t\t<\/div>\n\t\t\t\t\t<\/div>\n\t\t\t\t<\/div>\n\t\t<div class=\"elementor-element elementor-element-7cfc510 e-flex e-con-boxed e-con e-parent\" data-id=\"7cfc510\" data-element_type=\"container\">\n\t\t\t\t\t<div class=\"e-con-inner\">\n\t\t<div class=\"elementor-element elementor-element-4abc8db e-con-full e-flex elementor-invisible e-con e-child\" data-id=\"4abc8db\" data-element_type=\"container\" data-settings=\"{&quot;animation&quot;:&quot;zoomIn&quot;}\">\n\t\t\t\t<div class=\"elementor-element elementor-element-e52d332 elementor-widget__width-initial animated-slow elementor-invisible elementor-widget elementor-widget-image\" data-id=\"e52d332\" data-element_type=\"widget\" data-settings=\"{&quot;_animation&quot;:&quot;zoomIn&quot;}\" data-widget_type=\"image.default\">\n\t\t\t\t<div class=\"elementor-widget-container\">\n\t\t\t\t\t\t\t\t\t\t\t\t\t\t\t<img decoding=\"async\" src=\"https:\/\/masusaagriturismo.com\/wp-content\/uploads\/2024\/09\/AF0332E3-B5AD-4408-86DE-92E3514E5330-scaled.jpeg\" title=\"AF0332E3-B5AD-4408-86DE-92E3514E5330\" alt=\"AF0332E3-B5AD-4408-86DE-92E3514E5330\" loading=\"lazy\" \/>\t\t\t\t\t\t\t\t\t\t\t\t\t\t\t<\/div>\n\t\t\t\t<\/div>\n\t\t\t\t<\/div>\n\t\t<div class=\"elementor-element elementor-element-81656b6 e-con-full e-flex elementor-invisible e-con e-child\" data-id=\"81656b6\" data-element_type=\"container\" data-settings=\"{&quot;background_background&quot;:&quot;classic&quot;,&quot;animation&quot;:&quot;fadeInRight&quot;}\">\n\t\t\t\t<div class=\"elementor-element elementor-element-586577c elementor-widget elementor-widget-heading\" data-id=\"586577c\" data-element_type=\"widget\" data-widget_type=\"heading.default\">\n\t\t\t\t<div class=\"elementor-widget-container\">\n\t\t\t\t\t<h2 class=\"elementor-heading-title elementor-size-default\">Il Simbolo<\/h2>\t\t\t\t<\/div>\n\t\t\t\t<\/div>\n\t\t\t\t<div class=\"elementor-element elementor-element-5c3e34b elementor-widget elementor-widget-ct_text_editor\" data-id=\"5c3e34b\" data-element_type=\"widget\" data-widget_type=\"ct_text_editor.default\">\n\t\t\t\t<div class=\"elementor-widget-container\">\n\t\t\t\t\t<div id=\"ct_text_editor-5c3e34b\" class=\"ct-text-editor \" data-wow-delay=\"ms\">\n\t<div class=\"ct-inline-css\"  data-css=\"\n        \t\t\">\n\n    <\/div>\n\t<div class=\"ct-text-editor elementor-clearfix\">\n\t\t<p>Il simbolo della chiocciola che\u00a0 caratterizza l\u00b4Agriresort, esprime il\u00a0 desiderio di connessione con la natura cosicch\u00e9 l&#8217;armonia interiore oggi quasi perduta possa essere ritrovata!<\/p>\t\t\n\t<\/div>\n<\/div>\t\t\t\t<\/div>\n\t\t\t\t<\/div>\n\t\t\t\t<\/div>\n\t\t\t\t\t<\/div>\n\t\t\t\t<\/div>\n\t\t\t\t<\/div>\n\t\t","protected":false},"excerpt":{"rendered":"<p>Benvenuto nel tuo rifugio perfetto Immerso nel cuore delle splendide colline del Cilento, il nostro resort \u00e8 un&#8217;oasi di pace pensata per offrire ai nostri ospiti un&#8217;esperienza unica e confortevole. Siamo appassionati nel creare soggiorni memorabili, fondendo il calore dell&#8217;ospitalit\u00e0 mediterranea con i comfort moderni. Le nostre camere sono progettate con cura per soddisfare sia [&hellip;]<\/p>\n","protected":false},"author":10,"featured_media":0,"parent":0,"menu_order":0,"comment_status":"closed","ping_status":"closed","template":"elementor_header_footer","meta":{"footnotes":""},"class_list":["post-3495","page","type-page","status-publish","hentry"],"_links":{"self":[{"href":"https:\/\/masusaagriturismo.com\/index.php\/wp-json\/wp\/v2\/pages\/3495","targetHints":{"allow":["GET"]}}],"collection":[{"href":"https:\/\/masusaagriturismo.com\/index.php\/wp-json\/wp\/v2\/pages"}],"about":[{"href":"https:\/\/masusaagriturismo.com\/index.php\/wp-json\/wp\/v2\/types\/page"}],"author":[{"embeddable":true,"href":"https:\/\/masusaagriturismo.com\/index.php\/wp-json\/wp\/v2\/users\/10"}],"replies":[{"embeddable":true,"href":"https:\/\/masusaagriturismo.com\/index.php\/wp-json\/wp\/v2\/comments?post=3495"}],"version-history":[{"count":121,"href":"https:\/\/masusaagriturismo.com\/index.php\/wp-json\/wp\/v2\/pages\/3495\/revisions"}],"predecessor-version":[{"id":5997,"href":"https:\/\/masusaagriturismo.com\/index.php\/wp-json\/wp\/v2\/pages\/3495\/revisions\/5997"}],"wp:attachment":[{"href":"https:\/\/masusaagriturismo.com\/index.php\/wp-json\/wp\/v2\/media?parent=3495"}],"curies":[{"name":"wp","href":"https:\/\/api.w.org\/{rel}","templated":true}]}}